{"id":4285,"date":"2024-03-15T14:12:06","date_gmt":"2024-03-15T14:12:06","guid":{"rendered":"https:\/\/sad-kare.146-59-18-177.plesk.page\/?page_id=4285"},"modified":"2024-03-15T14:12:49","modified_gmt":"2024-03-15T14:12:49","slug":"serwis","status":"publish","type":"page","link":"https:\/\/sad-kare.146-59-18-177.plesk.page\/en\/serwis\/","title":{"rendered":"Serwis"},"content":{"rendered":"<div data-elementor-type=\"wp-page\" data-elementor-id=\"4285\" class=\"elementor elementor-4285\" data-elementor-post-type=\"page\">\n\t\t\t\t<div class=\"elementor-element elementor-element-f4c66f6 e-flex e-con-boxed e-con e-parent\" data-id=\"f4c66f6\" data-element_type=\"container\" data-core-v316-plus=\"true\">\n\t\t\t\t\t<div class=\"e-con-inner\">\n\t\t\t\t<div class=\"elementor-element elementor-element-1821377 no-movement elementor-widget elementor-widget-services-section\" data-id=\"1821377\" data-element_type=\"widget\" data-widget_type=\"services-section.default\">\n\t\t\t\t<div class=\"elementor-widget-container\">\n\t\t\t\t\t\t\n\t\t\t<div class=\"section-full welcome-section-outer\">\n            \t<div class=\"how-it-work-section-one p-t80 p-b50\">\n\t\t\t\t\t<div class=\"row\">\n\t\t\t\t\t\t<div class=\"col-lg-6\">\n\t\t\t\t\t\t<!-- TITLE START-->\n\t\t\t\t\t\t<div class=\"section-head left wt-small-separator-outer\">\n\t\t\t\t\t\t\t<div class=\"wt-small-separator site-text-primary\">\n\t\t\t\t\t\t\t\t<div  class=\"sep-leaf-left\"><\/div>\n\t\t\t\t\t\t\t\t<div>Kompleksowa obs\u0142uga klienta<\/div>\n\t\t\t\t\t\t\t\t<div  class=\"sep-leaf-right\"><\/div>\n\t\t\t\t\t\t\t<\/div>\n\t\t\t\t\t\t\t<h2>Serwis maszyn i urz\u0105dze\u0144<\/h2>\n\t\t\t\t\t\t\t<p>Dobrze funkcjonuj\u0105cy serwis maszyn i urz\u0105dze\u0144 to obecnie spore wyzwanie. To nie tylko konieczno\u015b\u0107 gromadzenia ogromnej ilo\u015bci wiedzy obejmuj\u0105cej histori\u0119 napraw oraz warunki wsp\u00f3\u0142pracy z klientem. To r\u00f3wnie\u017c umiej\u0119tno\u015b\u0107 wykorzystania jej w taki spos\u00f3b, aby serwisowa\u0107 urz\u0105dzenia szybko i sprawnie, bez nadprogramowych koszt\u00f3w.<\/p>\n\t\t\t\t\t\t<\/div>\n\t\t\t\t\t\t<!-- TITLE END-->\n\t\t\t\t\t\t<\/div> \n\t\t\t\t\t<\/div>\n\t\t\t\t\t<div class=\"section-content\"> \n\t\t\t\t\t\t<div class=\"row justify-content-center d-flex\">\n\t\t\t\t\t\t\t<div class=\"col-lg-8 col-md-12 m-b30 how-it-drone-outer\">\n\t\t\t\t\t\t\t\t<div class=\"how-it-drone\">\n\t\t\t\t\t\t\t\t\t<div class=\"how-it-drone-media\"><img decoding=\"async\" src=\"https:\/\/sad-kare.146-59-18-177.plesk.page\/wp-content\/uploads\/2022\/01\/JGK_serwis.png\" alt=\"img\" class=\"wave-effects\"><\/div>\n\t\t\t\t\t\t\t\t\t<div class=\"how-it-drone-info\"><span><\/span><\/div>\n\t\t\t\t\t\t\t\t<\/div>\n\t\t\t\t\t\t\t<\/div>  \n\t\t\t\t\t\t   \t\t\t\t\t\t<\/div>\n\t\t\t\t\t<\/div>\n                <\/div>\n            <\/div>\n\t\t\t\t\t<\/div>\n\t\t\t\t<\/div>\n\t\t\t\t\t<\/div>\n\t\t\t\t<\/div>\n\t\t\t\t<\/div>","protected":false},"excerpt":{"rendered":"<p>Kompleksowa obs\u0142uga klienta Serwis maszyn i urz\u0105dze\u0144 Dobrze funkcjonuj\u0105cy serwis maszyn i urz\u0105dze\u0144 to obecnie spore wyzwanie. To nie tylko konieczno\u015b\u0107 gromadzenia ogromnej ilo\u015bci wiedzy obejmuj\u0105cej histori\u0119 napraw oraz warunki wsp\u00f3\u0142pracy z klientem. To r\u00f3wnie\u017c umiej\u0119tno\u015b\u0107 wykorzystania jej w taki spos\u00f3b, aby serwisowa\u0107 urz\u0105dzenia szybko i sprawnie, bez nadprogramowych koszt\u00f3w.<\/p>","protected":false},"author":1,"featured_media":0,"parent":0,"menu_order":0,"comment_status":"closed","ping_status":"closed","template":"","meta":{"footnotes":""},"class_list":["post-4285","page","type-page","status-publish","hentry"],"acf":[],"_links":{"self":[{"href":"https:\/\/sad-kare.146-59-18-177.plesk.page\/en\/wp-json\/wp\/v2\/pages\/4285","targetHints":{"allow":["GET"]}}],"collection":[{"href":"https:\/\/sad-kare.146-59-18-177.plesk.page\/en\/wp-json\/wp\/v2\/pages"}],"about":[{"href":"https:\/\/sad-kare.146-59-18-177.plesk.page\/en\/wp-json\/wp\/v2\/types\/page"}],"author":[{"embeddable":true,"href":"https:\/\/sad-kare.146-59-18-177.plesk.page\/en\/wp-json\/wp\/v2\/users\/1"}],"replies":[{"embeddable":true,"href":"https:\/\/sad-kare.146-59-18-177.plesk.page\/en\/wp-json\/wp\/v2\/comments?post=4285"}],"version-history":[{"count":5,"href":"https:\/\/sad-kare.146-59-18-177.plesk.page\/en\/wp-json\/wp\/v2\/pages\/4285\/revisions"}],"predecessor-version":[{"id":4290,"href":"https:\/\/sad-kare.146-59-18-177.plesk.page\/en\/wp-json\/wp\/v2\/pages\/4285\/revisions\/4290"}],"wp:attachment":[{"href":"https:\/\/sad-kare.146-59-18-177.plesk.page\/en\/wp-json\/wp\/v2\/media?parent=4285"}],"curies":[{"name":"wp","href":"https:\/\/api.w.org\/{rel}","templated":true}]}}