{"id":4239,"date":"2024-03-15T13:06:38","date_gmt":"2024-03-15T13:06:38","guid":{"rendered":"https:\/\/sad-kare.146-59-18-177.plesk.page\/?page_id=4239"},"modified":"2024-03-15T13:55:40","modified_gmt":"2024-03-15T13:55:40","slug":"maszyny-do-recyklingu","status":"publish","type":"page","link":"https:\/\/sad-kare.146-59-18-177.plesk.page\/es\/oferta\/maszyny-do-recyklingu\/","title":{"rendered":"Maszyny do recyklingu"},"content":{"rendered":"<div data-elementor-type=\"wp-page\" data-elementor-id=\"4239\" class=\"elementor elementor-4239\" data-elementor-post-type=\"page\">\n\t\t\t\t<div class=\"elementor-element elementor-element-b99f70e e-flex e-con-boxed e-con e-parent\" data-id=\"b99f70e\" data-element_type=\"container\" data-core-v316-plus=\"true\">\n\t\t\t\t\t<div class=\"e-con-inner\">\n\t\t\t\t<div class=\"elementor-element elementor-element-4a631e9 no-movement elementor-widget elementor-widget-services-section\" data-id=\"4a631e9\" data-element_type=\"widget\" data-widget_type=\"services-section.default\">\n\t\t\t\t<div class=\"elementor-widget-container\">\n\t\t\t\t\t\t<div class=\"section-full p-t80 p-b50\">\n\t\t\t\t<div class=\"wt-separator-two-part\">\n\t\t\t\t\t<div class=\"row wt-separator-two-part-row\">\n\t\t\t\t\t\t<div class=\"col-lg-5 col-md-6 wt-separator-two-part-left\">\n\t\t\t\t\t\t\t<!-- TITLE START-->\n\t\t\t\t\t\t\t<div class=\"section-head left wt-small-separator-outer\">\n\t\t\t\t\t\t\t\t<div class=\"wt-small-separator site-text-primary\">\n\t\t\t\t\t\t\t\t\t<div class=\"sep-leaf-left\"><\/div>\n\t\t\t\t\t\t\t\t\t<div>JGKMaszyny oferuje<\/div>\n\t\t\t\t\t\t\t\t\t<div class=\"sep-leaf-right\"><\/div>\n\t\t\t\t\t\t\t\t<\/div>\n\t\t\t\t\t\t\t\t<h2>Maszyny do recyklingu<\/h2>\n\t\t\t\t\t\t\t<\/div>\n\t\t\t\t\t\t<\/div>\n\t\t\t\t\t\t<div class=\"col-lg-7 col-md-6 wt-separator-two-part-right text-left\">\n\t\t\t\t\t\t\t<p>Produkujemy wysokiej jako\u015bci, dopasowane do potrzeb Klienta maszyny do recyklingu. Od przeno\u015bnik\u00f3w ta\u015bmowych, z b\u0119bnem magnetycznym po m\u0142yny do przewod\u00f3w elektrycznych. Maszyny mog\u0105 pracowa\u0107 indywidualnie lub by\u0107 \u0142\u0105czone w linie w zale\u017cno\u015bci od potrzeb klienta.<\/p>\n\t\t\t\t\t\t<\/div>  \n\t\t\t\t\t<\/div>\n\t\t\t\t<\/div>\n\t\t\t\t<div class=\"section-content\"> \n\t\t\t\t\t<div class=\"row justify-content-center d-flex\">\n\t\t\t\t\t\t\t\t\t\t\t<\/div>\n\t\t\t\t<\/div>\n            <\/div>\n\t\t\t\t\t<\/div>\n\t\t\t\t<\/div>\n\t\t<div class=\"elementor-element elementor-element-6737304 e-flex e-con-boxed e-con e-child\" data-id=\"6737304\" data-element_type=\"container\">\n\t\t\t\t\t<div class=\"e-con-inner\">\n\t\t\t\t<div class=\"elementor-element elementor-element-8d5294b elementor-arrows-position-inside elementor-pagination-position-outside elementor-widget elementor-widget-image-carousel\" data-id=\"8d5294b\" data-element_type=\"widget\" data-settings=\"{&quot;slides_to_show&quot;:&quot;2&quot;,&quot;lazyload&quot;:&quot;yes&quot;,&quot;navigation&quot;:&quot;both&quot;,&quot;autoplay&quot;:&quot;yes&quot;,&quot;pause_on_hover&quot;:&quot;yes&quot;,&quot;pause_on_interaction&quot;:&quot;yes&quot;,&quot;autoplay_speed&quot;:5000,&quot;infinite&quot;:&quot;yes&quot;,&quot;speed&quot;:500,&quot;image_spacing_custom&quot;:{&quot;unit&quot;:&quot;px&quot;,&quot;size&quot;:20,&quot;sizes&quot;:[]},&quot;image_spacing_custom_tablet&quot;:{&quot;unit&quot;:&quot;px&quot;,&quot;size&quot;:&quot;&quot;,&quot;sizes&quot;:[]},&quot;image_spacing_custom_mobile&quot;:{&quot;unit&quot;:&quot;px&quot;,&quot;size&quot;:&quot;&quot;,&quot;sizes&quot;:[]}}\" data-widget_type=\"image-carousel.default\">\n\t\t\t\t<div class=\"elementor-widget-container\">\n\t\t\t<style>\/*! elementor - v3.20.0 - 13-03-2024 *\/\n.elementor-widget-image-carousel .swiper,.elementor-widget-image-carousel .swiper-container{position:static}.elementor-widget-image-carousel .swiper-container .swiper-slide figure,.elementor-widget-image-carousel .swiper .swiper-slide figure{line-height:inherit}.elementor-widget-image-carousel .swiper-slide{text-align:center}.elementor-image-carousel-wrapper:not(.swiper-container-initialized):not(.swiper-initialized) .swiper-slide{max-width:calc(100% \/ var(--e-image-carousel-slides-to-show, 3))}<\/style>\t\t<div class=\"elementor-image-carousel-wrapper swiper\" dir=\"ltr\">\n\t\t\t<div class=\"elementor-image-carousel swiper-wrapper swiper-image-stretch\" aria-live=\"off\">\n\t\t\t\t\t\t\t\t<div class=\"swiper-slide\" role=\"group\" aria-roledescription=\"slide\" aria-label=\"1 de 5\"><a data-elementor-open-lightbox=\"yes\" data-elementor-lightbox-slideshow=\"8d5294b\" data-elementor-lightbox-title=\"przenosnik_logo\" data-e-action-hash=\"#elementor-action%3Aaction%3Dlightbox%26settings%3DeyJpZCI6MzY1MiwidXJsIjoiaHR0cHM6XC9cL3NhZC1rYXJlLjE0Ni01OS0xOC0xNzcucGxlc2sucGFnZVwvd3AtY29udGVudFwvdXBsb2Fkc1wvMjAyMVwvMTJcL3ByemVub3NuaWtfbG9nby5qcGciLCJzbGlkZXNob3ciOiI4ZDUyOTRiIn0%3D\" href=\"https:\/\/sad-kare.146-59-18-177.plesk.page\/wp-content\/uploads\/2021\/12\/przenosnik_logo.jpg\"><figure class=\"swiper-slide-inner\"><img class=\"swiper-slide-image swiper-lazy\" data-src=\"https:\/\/sad-kare.146-59-18-177.plesk.page\/wp-content\/uploads\/2021\/12\/przenosnik_logo-1024x683.jpg\" alt=\"przenosnik_logo\" \/><div class=\"swiper-lazy-preloader\"><\/div><\/figure><\/a><\/div><div class=\"swiper-slide\" role=\"group\" aria-roledescription=\"slide\" aria-label=\"2 de 5\"><a data-elementor-open-lightbox=\"yes\" data-elementor-lightbox-slideshow=\"8d5294b\" data-elementor-lightbox-title=\"Crane grab scrap\" data-e-action-hash=\"#elementor-action%3Aaction%3Dlightbox%26settings%3DeyJpZCI6NDI0OCwidXJsIjoiaHR0cHM6XC9cL3NhZC1rYXJlLjE0Ni01OS0xOC0xNzcucGxlc2sucGFnZVwvd3AtY29udGVudFwvdXBsb2Fkc1wvMjAyNFwvMDNcL21hc3p5bnktZG8tcmVjeWtsaW5ndS5qcGciLCJzbGlkZXNob3ciOiI4ZDUyOTRiIn0%3D\" href=\"https:\/\/sad-kare.146-59-18-177.plesk.page\/wp-content\/uploads\/2024\/03\/maszyny-do-recyklingu.jpg\"><figure class=\"swiper-slide-inner\"><img class=\"swiper-slide-image swiper-lazy\" data-src=\"https:\/\/sad-kare.146-59-18-177.plesk.page\/wp-content\/uploads\/2024\/03\/maszyny-do-recyklingu-1024x658.jpg\" alt=\"Crane grab scrap\" \/><div class=\"swiper-lazy-preloader\"><\/div><\/figure><\/a><\/div><div class=\"swiper-slide\" role=\"group\" aria-roledescription=\"slide\" aria-label=\"3 de 5\"><a data-elementor-open-lightbox=\"yes\" data-elementor-lightbox-slideshow=\"8d5294b\" data-elementor-lightbox-title=\"1\" data-e-action-hash=\"#elementor-action%3Aaction%3Dlightbox%26settings%3DeyJpZCI6MzM4NCwidXJsIjoiaHR0cHM6XC9cL3NhZC1rYXJlLjE0Ni01OS0xOC0xNzcucGxlc2sucGFnZVwvd3AtY29udGVudFwvdXBsb2Fkc1wvMjAyMVwvMTFcLzEuanBnIiwic2xpZGVzaG93IjoiOGQ1Mjk0YiJ9\" href=\"https:\/\/sad-kare.146-59-18-177.plesk.page\/wp-content\/uploads\/2021\/11\/1.jpg\"><figure class=\"swiper-slide-inner\"><img class=\"swiper-slide-image swiper-lazy\" data-src=\"https:\/\/sad-kare.146-59-18-177.plesk.page\/wp-content\/uploads\/2021\/11\/1-1024x682.jpg\" alt=\"1\" \/><div class=\"swiper-lazy-preloader\"><\/div><\/figure><\/a><\/div><div class=\"swiper-slide\" role=\"group\" aria-roledescription=\"slide\" aria-label=\"4 de 5\"><a data-elementor-open-lightbox=\"yes\" data-elementor-lightbox-slideshow=\"8d5294b\" data-elementor-lightbox-title=\"Colorful Plastic Polymer Granules for cable\" data-e-action-hash=\"#elementor-action%3Aaction%3Dlightbox%26settings%3DeyJpZCI6NDI0MSwidXJsIjoiaHR0cHM6XC9cL3NhZC1rYXJlLjE0Ni01OS0xOC0xNzcucGxlc2sucGFnZVwvd3AtY29udGVudFwvdXBsb2Fkc1wvMjAyNFwvMDNcL3JlY3lrbGluZ19wcnpld29kb3cuanBnIiwic2xpZGVzaG93IjoiOGQ1Mjk0YiJ9\" href=\"https:\/\/sad-kare.146-59-18-177.plesk.page\/wp-content\/uploads\/2024\/03\/recykling_przewodow.jpg\"><figure class=\"swiper-slide-inner\"><img class=\"swiper-slide-image swiper-lazy\" data-src=\"https:\/\/sad-kare.146-59-18-177.plesk.page\/wp-content\/uploads\/2024\/03\/recykling_przewodow-1024x683.jpg\" alt=\"Colorful Plastic Polymer Granules for cable\" \/><div class=\"swiper-lazy-preloader\"><\/div><\/figure><\/a><\/div><div class=\"swiper-slide\" role=\"group\" aria-roledescription=\"slide\" aria-label=\"5 de 5\"><a data-elementor-open-lightbox=\"yes\" data-elementor-lightbox-slideshow=\"8d5294b\" data-elementor-lightbox-title=\"2\" data-e-action-hash=\"#elementor-action%3Aaction%3Dlightbox%26settings%3DeyJpZCI6MzM4NSwidXJsIjoiaHR0cHM6XC9cL3NhZC1rYXJlLjE0Ni01OS0xOC0xNzcucGxlc2sucGFnZVwvd3AtY29udGVudFwvdXBsb2Fkc1wvMjAyMVwvMTFcLzIuanBnIiwic2xpZGVzaG93IjoiOGQ1Mjk0YiJ9\" href=\"https:\/\/sad-kare.146-59-18-177.plesk.page\/wp-content\/uploads\/2021\/11\/2.jpg\"><figure class=\"swiper-slide-inner\"><img class=\"swiper-slide-image swiper-lazy\" data-src=\"https:\/\/sad-kare.146-59-18-177.plesk.page\/wp-content\/uploads\/2021\/11\/2-1024x683.jpg\" alt=\"2\" \/><div class=\"swiper-lazy-preloader\"><\/div><\/figure><\/a><\/div>\t\t\t<\/div>\n\t\t\t\t\t\t\t\t\t\t\t\t<div class=\"elementor-swiper-button elementor-swiper-button-prev\" role=\"button\" tabindex=\"0\">\n\t\t\t\t\t\t<svg aria-hidden=\"true\" class=\"e-font-icon-svg e-eicon-chevron-left\" viewbox=\"0 0 1000 1000\" xmlns=\"http:\/\/www.w3.org\/2000\/svg\"><path d=\"M646 125C629 125 613 133 604 142L308 442C296 454 292 471 292 487 292 504 296 521 308 533L604 854C617 867 629 875 646 875 663 875 679 871 692 858 704 846 713 829 713 812 713 796 708 779 692 767L438 487 692 225C700 217 708 204 708 187 708 171 704 154 692 142 675 129 663 125 646 125Z\"><\/path><\/svg>\t\t\t\t\t<\/div>\n\t\t\t\t\t<div class=\"elementor-swiper-button elementor-swiper-button-next\" role=\"button\" tabindex=\"0\">\n\t\t\t\t\t\t<svg aria-hidden=\"true\" class=\"e-font-icon-svg e-eicon-chevron-right\" viewbox=\"0 0 1000 1000\" xmlns=\"http:\/\/www.w3.org\/2000\/svg\"><path d=\"M696 533C708 521 713 504 713 487 713 471 708 454 696 446L400 146C388 133 375 125 354 125 338 125 325 129 313 142 300 154 292 171 292 187 292 204 296 221 308 233L563 492 304 771C292 783 288 800 288 817 288 833 296 850 308 863 321 871 338 875 354 875 371 875 388 867 400 854L696 533Z\"><\/path><\/svg>\t\t\t\t\t<\/div>\n\t\t\t\t\n\t\t\t\t\t\t\t\t\t<div class=\"swiper-pagination\"><\/div>\n\t\t\t\t\t\t\t\t\t<\/div>\n\t\t\t\t<\/div>\n\t\t\t\t<\/div>\n\t\t\t\t\t<\/div>\n\t\t\t\t<\/div>\n\t\t<div class=\"elementor-element elementor-element-1076a64 e-flex e-con-boxed e-con e-child\" data-id=\"1076a64\" data-element_type=\"container\">\n\t\t\t\t\t<div class=\"e-con-inner\">\n\t\t\t\t<div class=\"elementor-element elementor-element-c13b236 elementor-widget elementor-widget-heading\" data-id=\"c13b236\" data-element_type=\"widget\" data-widget_type=\"heading.default\">\n\t\t\t\t<div class=\"elementor-widget-container\">\n\t\t\t<style>\/*! elementor - v3.20.0 - 13-03-2024 *\/\n.elementor-heading-title{padding:0;margin:0;line-height:1}.elementor-widget-heading .elementor-heading-title[class*=elementor-size-]>a{color:inherit;font-size:inherit;line-height:inherit}.elementor-widget-heading .elementor-heading-title.elementor-size-small{font-size:15px}.elementor-widget-heading .elementor-heading-title.elementor-size-medium{font-size:19px}.elementor-widget-heading .elementor-heading-title.elementor-size-large{font-size:29px}.elementor-widget-heading .elementor-heading-title.elementor-size-xl{font-size:39px}.elementor-widget-heading .elementor-heading-title.elementor-size-xxl{font-size:59px}<\/style><h2 class=\"elementor-heading-title elementor-size-default\">Sprawd\u017a nasze maszyny<\/h2>\t\t<\/div>\n\t\t\t\t<\/div>\n\t\t\t\t<div class=\"elementor-element elementor-element-878056f elementor-widget-divider--view-line elementor-widget elementor-widget-divider\" data-id=\"878056f\" data-element_type=\"widget\" data-widget_type=\"divider.default\">\n\t\t\t\t<div class=\"elementor-widget-container\">\n\t\t\t<style>\/*! elementor - v3.20.0 - 13-03-2024 *\/\n.elementor-widget-divider{--divider-border-style:none;--divider-border-width:1px;--divider-color:#0c0d0e;--divider-icon-size:20px;--divider-element-spacing:10px;--divider-pattern-height:24px;--divider-pattern-size:20px;--divider-pattern-url:none;--divider-pattern-repeat:repeat-x}.elementor-widget-divider .elementor-divider{display:flex}.elementor-widget-divider .elementor-divider__text{font-size:15px;line-height:1;max-width:95%}.elementor-widget-divider .elementor-divider__element{margin:0 var(--divider-element-spacing);flex-shrink:0}.elementor-widget-divider .elementor-icon{font-size:var(--divider-icon-size)}.elementor-widget-divider .elementor-divider-separator{display:flex;margin:0;direction:ltr}.elementor-widget-divider--view-line_icon .elementor-divider-separator,.elementor-widget-divider--view-line_text .elementor-divider-separator{align-items:center}.elementor-widget-divider--view-line_icon .elementor-divider-separator:after,.elementor-widget-divider--view-line_icon .elementor-divider-separator:before,.elementor-widget-divider--view-line_text .elementor-divider-separator:after,.elementor-widget-divider--view-line_text .elementor-divider-separator:before{display:block;content:\"\";border-block-end:0;flex-grow:1;border-block-start:var(--divider-border-width) var(--divider-border-style) var(--divider-color)}.elementor-widget-divider--element-align-left .elementor-divider .elementor-divider-separator>.elementor-divider__svg:first-of-type{flex-grow:0;flex-shrink:100}.elementor-widget-divider--element-align-left .elementor-divider-separator:before{content:none}.elementor-widget-divider--element-align-left .elementor-divider__element{margin-left:0}.elementor-widget-divider--element-align-right .elementor-divider .elementor-divider-separator>.elementor-divider__svg:last-of-type{flex-grow:0;flex-shrink:100}.elementor-widget-divider--element-align-right .elementor-divider-separator:after{content:none}.elementor-widget-divider--element-align-right .elementor-divider__element{margin-right:0}.elementor-widget-divider--element-align-start .elementor-divider .elementor-divider-separator>.elementor-divider__svg:first-of-type{flex-grow:0;flex-shrink:100}.elementor-widget-divider--element-align-start .elementor-divider-separator:before{content:none}.elementor-widget-divider--element-align-start .elementor-divider__element{margin-inline-start:0}.elementor-widget-divider--element-align-end .elementor-divider .elementor-divider-separator>.elementor-divider__svg:last-of-type{flex-grow:0;flex-shrink:100}.elementor-widget-divider--element-align-end .elementor-divider-separator:after{content:none}.elementor-widget-divider--element-align-end .elementor-divider__element{margin-inline-end:0}.elementor-widget-divider:not(.elementor-widget-divider--view-line_text):not(.elementor-widget-divider--view-line_icon) .elementor-divider-separator{border-block-start:var(--divider-border-width) var(--divider-border-style) var(--divider-color)}.elementor-widget-divider--separator-type-pattern{--divider-border-style:none}.elementor-widget-divider--separator-type-pattern.elementor-widget-divider--view-line .elementor-divider-separator,.elementor-widget-divider--separator-type-pattern:not(.elementor-widget-divider--view-line) .elementor-divider-separator:after,.elementor-widget-divider--separator-type-pattern:not(.elementor-widget-divider--view-line) .elementor-divider-separator:before,.elementor-widget-divider--separator-type-pattern:not([class*=elementor-widget-divider--view]) .elementor-divider-separator{width:100%;min-height:var(--divider-pattern-height);-webkit-mask-size:var(--divider-pattern-size) 100%;mask-size:var(--divider-pattern-size) 100%;-webkit-mask-repeat:var(--divider-pattern-repeat);mask-repeat:var(--divider-pattern-repeat);background-color:var(--divider-color);-webkit-mask-image:var(--divider-pattern-url);mask-image:var(--divider-pattern-url)}.elementor-widget-divider--no-spacing{--divider-pattern-size:auto}.elementor-widget-divider--bg-round{--divider-pattern-repeat:round}.rtl .elementor-widget-divider .elementor-divider__text{direction:rtl}.e-con-inner>.elementor-widget-divider,.e-con>.elementor-widget-divider{width:var(--container-widget-width,100%);--flex-grow:var(--container-widget-flex-grow)}<\/style>\t\t<div class=\"elementor-divider\">\n\t\t\t<span class=\"elementor-divider-separator\">\n\t\t\t\t\t\t<\/span>\n\t\t<\/div>\n\t\t\t\t<\/div>\n\t\t\t\t<\/div>\n\t\t<div class=\"elementor-element elementor-element-f23181e e-flex e-con-boxed e-con e-child\" data-id=\"f23181e\" data-element_type=\"container\">\n\t\t\t\t\t<div class=\"e-con-inner\">\n\t\t\t\t<div class=\"elementor-element elementor-element-e5d2144 elementor-position-top elementor-widget elementor-widget-image-box\" data-id=\"e5d2144\" data-element_type=\"widget\" data-widget_type=\"image-box.default\">\n\t\t\t\t<div class=\"elementor-widget-container\">\n\t\t\t<style>\/*! elementor - v3.20.0 - 13-03-2024 *\/\n.elementor-widget-image-box .elementor-image-box-content{width:100%}@media (min-width:768px){.elementor-widget-image-box.elementor-position-left .elementor-image-box-wrapper,.elementor-widget-image-box.elementor-position-right .elementor-image-box-wrapper{display:flex}.elementor-widget-image-box.elementor-position-right .elementor-image-box-wrapper{text-align:right;flex-direction:row-reverse}.elementor-widget-image-box.elementor-position-left .elementor-image-box-wrapper{text-align:left;flex-direction:row}.elementor-widget-image-box.elementor-position-top .elementor-image-box-img{margin:auto}.elementor-widget-image-box.elementor-vertical-align-top .elementor-image-box-wrapper{align-items:flex-start}.elementor-widget-image-box.elementor-vertical-align-middle .elementor-image-box-wrapper{align-items:center}.elementor-widget-image-box.elementor-vertical-align-bottom .elementor-image-box-wrapper{align-items:flex-end}}@media (max-width:767px){.elementor-widget-image-box .elementor-image-box-img{margin-left:auto!important;margin-right:auto!important;margin-bottom:15px}}.elementor-widget-image-box .elementor-image-box-img{display:inline-block}.elementor-widget-image-box .elementor-image-box-title a{color:inherit}.elementor-widget-image-box .elementor-image-box-wrapper{text-align:center}.elementor-widget-image-box .elementor-image-box-description{margin:0}<\/style><div class=\"elementor-image-box-wrapper\"><figure class=\"elementor-image-box-img\"><a href=\"https:\/\/sad-kare.146-59-18-177.plesk.page\/es\/oferta\/maszyny-do-recyklingu\/mlyn-do-przewodow-elektrycznych-mdp500\/\" tabindex=\"-1\"><img fetchpriority=\"high\" decoding=\"async\" width=\"408\" height=\"408\" src=\"https:\/\/sad-kare.146-59-18-177.plesk.page\/wp-content\/uploads\/2022\/03\/3-removebg-preview-e1708933930961.png\" class=\"attachment-full size-full wp-image-3523\" alt=\"\" srcset=\"https:\/\/sad-kare.146-59-18-177.plesk.page\/wp-content\/uploads\/2022\/03\/3-removebg-preview-e1708933930961.png 408w, https:\/\/sad-kare.146-59-18-177.plesk.page\/wp-content\/uploads\/2022\/03\/3-removebg-preview-e1708933930961-300x300.png 300w, https:\/\/sad-kare.146-59-18-177.plesk.page\/wp-content\/uploads\/2022\/03\/3-removebg-preview-e1708933930961-150x150.png 150w\" sizes=\"(max-width: 408px) 100vw, 408px\" \/><\/a><\/figure><div class=\"elementor-image-box-content\"><h3 class=\"elementor-image-box-title\"><a href=\"https:\/\/sad-kare.146-59-18-177.plesk.page\/es\/oferta\/maszyny-do-recyklingu\/mlyn-do-przewodow-elektrycznych-mdp500\/\">M\u0142yn do przewod\u00f3w elektrycznych MDP500<\/a><\/h3><\/div><\/div>\t\t<\/div>\n\t\t\t\t<\/div>\n\t\t\t\t\t<\/div>\n\t\t\t\t<\/div>\n\t\t\t\t\t<\/div>\n\t\t\t\t<\/div>\n\t\t\t\t\t<\/div>\n\t\t\t\t<\/div>\n\t\t\t\t<\/div>","protected":false},"excerpt":{"rendered":"<p>JGKMaszyny oferuje Maszyny do recyklingu Produkujemy wysokiej jako\u015bci, dopasowane do potrzeb Klienta maszyny do recyklingu. Od przeno\u015bnik\u00f3w ta\u015bmowych, z b\u0119bnem magnetycznym po m\u0142yny do przewod\u00f3w elektrycznych. Maszyny mog\u0105 pracowa\u0107 indywidualnie lub by\u0107 \u0142\u0105czone w linie w zale\u017cno\u015bci od potrzeb klienta. Sprawd\u017a nasze maszyny M\u0142yn do przewod\u00f3w elektrycznych MDP500<\/p>","protected":false},"author":1,"featured_media":0,"parent":4237,"menu_order":0,"comment_status":"closed","ping_status":"closed","template":"","meta":{"footnotes":""},"class_list":["post-4239","page","type-page","status-publish","hentry"],"acf":[],"_links":{"self":[{"href":"https:\/\/sad-kare.146-59-18-177.plesk.page\/es\/wp-json\/wp\/v2\/pages\/4239","targetHints":{"allow":["GET"]}}],"collection":[{"href":"https:\/\/sad-kare.146-59-18-177.plesk.page\/es\/wp-json\/wp\/v2\/pages"}],"about":[{"href":"https:\/\/sad-kare.146-59-18-177.plesk.page\/es\/wp-json\/wp\/v2\/types\/page"}],"author":[{"embeddable":true,"href":"https:\/\/sad-kare.146-59-18-177.plesk.page\/es\/wp-json\/wp\/v2\/users\/1"}],"replies":[{"embeddable":true,"href":"https:\/\/sad-kare.146-59-18-177.plesk.page\/es\/wp-json\/wp\/v2\/comments?post=4239"}],"version-history":[{"count":15,"href":"https:\/\/sad-kare.146-59-18-177.plesk.page\/es\/wp-json\/wp\/v2\/pages\/4239\/revisions"}],"predecessor-version":[{"id":4284,"href":"https:\/\/sad-kare.146-59-18-177.plesk.page\/es\/wp-json\/wp\/v2\/pages\/4239\/revisions\/4284"}],"up":[{"embeddable":true,"href":"https:\/\/sad-kare.146-59-18-177.plesk.page\/es\/wp-json\/wp\/v2\/pages\/4237"}],"wp:attachment":[{"href":"https:\/\/sad-kare.146-59-18-177.plesk.page\/es\/wp-json\/wp\/v2\/media?parent=4239"}],"curies":[{"name":"wp","href":"https:\/\/api.w.org\/{rel}","templated":true}]}}